{"id":2891,"date":"2025-11-06T10:42:31","date_gmt":"2025-11-06T09:42:31","guid":{"rendered":"https:\/\/kremo.no\/personvernerklaering\/"},"modified":"2025-11-06T10:42:32","modified_gmt":"2025-11-06T09:42:32","slug":"personvernerklaering","status":"publish","type":"page","link":"https:\/\/kremo.no\/en\/personvernerklaering\/","title":{"rendered":"Privacy"},"content":{"rendered":"<div data-elementor-type=\"wp-page\" data-elementor-id=\"2891\" class=\"elementor elementor-2891\" data-elementor-settings=\"{&quot;element_pack_global_tooltip_width&quot;:{&quot;unit&quot;:&quot;px&quot;,&quot;size&quot;:&quot;&quot;,&quot;sizes&quot;:[]},&quot;element_pack_global_tooltip_width_tablet_extra&quot;:{&quot;unit&quot;:&quot;px&quot;,&quot;size&quot;:&quot;&quot;,&quot;sizes&quot;:[]},&quot;element_pack_global_tooltip_width_tablet&quot;:{&quot;unit&quot;:&quot;px&quot;,&quot;size&quot;:&quot;&quot;,&quot;sizes&quot;:[]},&quot;element_pack_global_tooltip_width_mobile&quot;:{&quot;unit&quot;:&quot;px&quot;,&quot;size&quot;:&quot;&quot;,&quot;sizes&quot;:[]},&quot;element_pack_global_tooltip_padding&quot;:{&quot;unit&quot;:&quot;px&quot;,&quot;top&quot;:&quot;&quot;,&quot;right&quot;:&quot;&quot;,&quot;bottom&quot;:&quot;&quot;,&quot;left&quot;:&quot;&quot;,&quot;isLinked&quot;:true},&quot;element_pack_global_tooltip_padding_tablet_extra&quot;:{&quot;unit&quot;:&quot;px&quot;,&quot;top&quot;:&quot;&quot;,&quot;right&quot;:&quot;&quot;,&quot;bottom&quot;:&quot;&quot;,&quot;left&quot;:&quot;&quot;,&quot;isLinked&quot;:true},&quot;element_pack_global_tooltip_padding_tablet&quot;:{&quot;unit&quot;:&quot;px&quot;,&quot;top&quot;:&quot;&quot;,&quot;right&quot;:&quot;&quot;,&quot;bottom&quot;:&quot;&quot;,&quot;left&quot;:&quot;&quot;,&quot;isLinked&quot;:true},&quot;element_pack_global_tooltip_padding_mobile&quot;:{&quot;unit&quot;:&quot;px&quot;,&quot;top&quot;:&quot;&quot;,&quot;right&quot;:&quot;&quot;,&quot;bottom&quot;:&quot;&quot;,&quot;left&quot;:&quot;&quot;,&quot;isLinked&quot;:true},&quot;element_pack_global_tooltip_border_radius&quot;:{&quot;unit&quot;:&quot;px&quot;,&quot;top&quot;:&quot;&quot;,&quot;right&quot;:&quot;&quot;,&quot;bottom&quot;:&quot;&quot;,&quot;left&quot;:&quot;&quot;,&quot;isLinked&quot;:true},&quot;element_pack_global_tooltip_border_radius_tablet_extra&quot;:{&quot;unit&quot;:&quot;px&quot;,&quot;top&quot;:&quot;&quot;,&quot;right&quot;:&quot;&quot;,&quot;bottom&quot;:&quot;&quot;,&quot;left&quot;:&quot;&quot;,&quot;isLinked&quot;:true},&quot;element_pack_global_tooltip_border_radius_tablet&quot;:{&quot;unit&quot;:&quot;px&quot;,&quot;top&quot;:&quot;&quot;,&quot;right&quot;:&quot;&quot;,&quot;bottom&quot;:&quot;&quot;,&quot;left&quot;:&quot;&quot;,&quot;isLinked&quot;:true},&quot;element_pack_global_tooltip_border_radius_mobile&quot;:{&quot;unit&quot;:&quot;px&quot;,&quot;top&quot;:&quot;&quot;,&quot;right&quot;:&quot;&quot;,&quot;bottom&quot;:&quot;&quot;,&quot;left&quot;:&quot;&quot;,&quot;isLinked&quot;:true}}\" data-elementor-post-type=\"page\">\n\t\t\t\t\t\t<section class=\"elementor-section elementor-top-section elementor-element elementor-element-7d3e8498 elementor-section-boxed elementor-section-height-default elementor-section-height-default\" data-id=\"7d3e8498\" data-element_type=\"section\" data-e-type=\"section\">\n\t\t\t\t\t\t<div class=\"elementor-container elementor-column-gap-extended\">\n\t\t\t\t\t<div class=\"elementor-column elementor-col-100 elementor-top-column elementor-element elementor-element-3b315e1f\" data-id=\"3b315e1f\" data-element_type=\"column\" data-e-type=\"column\">\n\t\t\t<div class=\"elementor-widget-wrap elementor-element-populated\">\n\t\t\t\t\t\t<div class=\"elementor-element elementor-element-4a722010 elementor-widget elementor-widget-text-editor\" data-id=\"4a722010\" data-element_type=\"widget\" data-e-type=\"widget\" data-widget_type=\"text-editor.default\">\n\t\t\t\t<div class=\"elementor-widget-container\">\n\t\t\t\t\t\t\t\t\t<h2>Personvernerkl\u00e6ring<\/h2><p>Vi tar ditt personvern p\u00e5 alvor og har satt i verk n\u00f8dvendige tekniske og organisatoriske sikkerhetstiltak for \u00e5 beskytte dine personlige data. I denne personvernerkl\u00e6ringen vil vi informere deg om hvordan vi samler inn, bruker, oppbevarer og beskytter dine personlige data n\u00e5r du bes\u00f8ker v\u00e5r nettside. Du kan finne v\u00e5r organisasjonsnummer og kontaktinformasjon p\u00e5 v\u00e5r kontaktside eller ved s\u00f8k p\u00e5 domenet du n\u00e5 bes\u00f8ker hos Norid.no eller whois.com, og videre s\u00f8k p\u00e5 org.nr. i brreg.no.<\/p><h2>Innsamling av data<\/h2><p>Vi samler inn og lagrer opplysninger som du gir oss gjennom v\u00e5rt kontaktskjema, inkludert ditt navn, e-postadresse og annen kontaktinformasjon. I tillegg benytter vi oss av Google Fonts, Google Analytics, Google Site Kit og Facebook Pixel for \u00e5 forbedre nettsiden v\u00e5r, analysere trafikken og forst\u00e5 effekten av annonsering p\u00e5 Facebook-plattformen. Vi kan ogs\u00e5 benytte sosiale medier og andre plattformer for markedsf\u00f8ring, noe som kan resultere i innsamling av din informasjon. Vi formidler ikke dine personopplysninger til tredjeparter eller bruker de i andre systemer om de ikke st\u00e5r beskrevet her, eller du har godkjent formidling ved innsending av skjema. Et eksempel er til en mailtjeneste hvor du p\u00e5 forh\u00e5nd har godkjent \u00e5 motta eposter eller har frivillig meldt deg p\u00e5 et nyhetsbrev.<\/p><h2>Google og dine personopplysninger<\/h2><p>Vi bruker tjenester fra Google for \u00e5 spore og m\u00e5le trafikken p\u00e5 nettsiden v\u00e5r, dette betyr at Google kan f\u00e5 tilgang til dine personopplysninger. Hvordan Google forholder seg til ditt personvern kan du lese <a href=\"https:\/\/policies.google.com\/technologies\/partner-sites\" target=\"_blank\" rel=\"noopener\">her<\/a>.<\/p><h2>Databruk<\/h2><p>Vi bruker dine personlige data til \u00e5 svare p\u00e5 foresp\u00f8rsler du sender via v\u00e5rt kontaktskjema, for \u00e5 forbedre brukeropplevelsen p\u00e5 v\u00e5r nettside og for \u00e5 utf\u00f8re analyse for \u00e5 forbedre nettsiden v\u00e5r. Dine data kan bli lagret s\u00e5 lenge det er hensiktsmessig, med mindre du ber om sletting. Opplysningene lagres p\u00e5 serverne til v\u00e5re leverand\u00f8rer. Du kan kontakte oss for \u00e5 f\u00e5 informasjon om hvilken leverand\u00f8r vi bruker.<\/p><h2>Datasikkerhet<\/h2><p>Vi har satt i verk n\u00f8dvendige tekniske og organisatoriske sikkerhetstiltak for \u00e5 beskytte dine personlige data mot uautorisert tilgang, endring, offentliggj\u00f8ring eller \u00f8deleggelse. Utover v\u00e5re interne rutiner har ogs\u00e5 v\u00e5re leverand\u00f8rer sine sikkerhetstiltak som du kan finne ut av ved \u00e5 kontakte oss.<\/p><h2>Dine rettigheter<\/h2><p>Du har rett til \u00e5 be om innsyn i de personopplysningene vi behandler om deg og hvordan de behandles. Du kan ogs\u00e5 be om korreksjon, sletting og begrensninger i behandlingen av personopplysninger i henhold til personopplysningsloven. Hvis du mener at vi ikke overholder dine rettigheter i henhold til personopplysningsloven, har du rett til \u00e5 klage til den aktuelle tilsynsmyndigheten. Dette gj\u00f8res ved \u00e5 sende klage til Datatilsynet, du finner informasjon om hvordan kontakte Datatilsynet p\u00e5 Datatilsynet sine nettsider.<\/p><p>Vi f\u00f8lger Datatilsynets krav til GDPR, du finner info og dine rettigheter og v\u00e5re plikter <a href=\"https:\/\/www.datatilsynet.no\/rettigheter-og-plikter\/virksomhetenes-plikter\/informasjon-og-apenhet\/hva-skal-virksomheten-gi-informasjon-om\/\">her<\/a><\/p><p>Du har rett til \u00e5 klage til Datatilsynet om vi ikke etterf\u00f8lger gjellende lover og regler.<\/p>\t\t\t\t\t\t\t\t<\/div>\n\t\t\t\t<\/div>\n\t\t\t\t\t<\/div>\n\t\t<\/div>\n\t\t\t\t\t<\/div>\n\t\t<\/section>\n\t\t\t\t<\/div>","protected":false},"excerpt":{"rendered":"<p>Personvernerkl\u00e6ring Vi tar ditt personvern p\u00e5 alvor og har satt i verk n\u00f8dvendige tekniske og organisatoriske sikkerhetstiltak for \u00e5 beskytte dine personlige data. I denne personvernerkl\u00e6ringen vil vi informere deg om hvordan vi samler inn, bruker, oppbevarer og beskytter dine personlige data n\u00e5r du bes\u00f8ker v\u00e5r nettside. Du kan finne v\u00e5r organisasjonsnummer og kontaktinformasjon p\u00e5 [&hellip;]<\/p>\n","protected":false},"author":1,"featured_media":0,"parent":0,"menu_order":0,"comment_status":"closed","ping_status":"closed","template":"","meta":{"footnotes":""},"class_list":["post-2891","page","type-page","status-publish","hentry"],"yoast_head":"<!-- This site is optimized with the Yoast SEO plugin v27.2 - https:\/\/yoast.com\/product\/yoast-seo-wordpress\/ -->\n<title>Personvern - Kremo AS<\/title>\n<meta name=\"robots\" content=\"index, follow, max-snippet:-1, max-image-preview:large, max-video-preview:-1\" \/>\n<link rel=\"canonical\" href=\"https:\/\/kremo.no\/en\/personvernerklaering\/\" \/>\n<meta property=\"og:locale\" content=\"en_GB\" \/>\n<meta property=\"og:type\" content=\"article\" \/>\n<meta property=\"og:title\" content=\"Personvern - Kremo AS\" \/>\n<meta property=\"og:description\" content=\"Personvernerkl\u00e6ring Vi tar ditt personvern p\u00e5 alvor og har satt i verk n\u00f8dvendige tekniske og organisatoriske sikkerhetstiltak for \u00e5 beskytte dine personlige data. I denne personvernerkl\u00e6ringen vil vi informere deg om hvordan vi samler inn, bruker, oppbevarer og beskytter dine personlige data n\u00e5r du bes\u00f8ker v\u00e5r nettside. Du kan finne v\u00e5r organisasjonsnummer og kontaktinformasjon p\u00e5 [&hellip;]\" \/>\n<meta property=\"og:url\" content=\"https:\/\/kremo.no\/en\/personvernerklaering\/\" \/>\n<meta property=\"og:site_name\" content=\"Kremo AS\" \/>\n<meta property=\"article:publisher\" content=\"https:\/\/www.facebook.com\/Kremo-As-104857807767695\/\" \/>\n<meta property=\"article:modified_time\" content=\"2025-11-06T09:42:32+00:00\" \/>\n<meta property=\"og:image\" content=\"https:\/\/kremo.no\/wp-content\/uploads\/2020\/04\/Kremo-AS-logo.png\" \/>\n\t<meta property=\"og:image:width\" content=\"197\" \/>\n\t<meta property=\"og:image:height\" content=\"86\" \/>\n\t<meta property=\"og:image:type\" content=\"image\/png\" \/>\n<meta name=\"twitter:card\" content=\"summary_large_image\" \/>\n<meta name=\"twitter:label1\" content=\"Estimated reading time\" \/>\n\t<meta name=\"twitter:data1\" content=\"2 minutes\" \/>\n<script type=\"application\/ld+json\" class=\"yoast-schema-graph\">{\"@context\":\"https:\/\/schema.org\",\"@graph\":[{\"@type\":\"WebPage\",\"@id\":\"https:\/\/kremo.no\/personvernerklaering\/\",\"url\":\"https:\/\/kremo.no\/personvernerklaering\/\",\"name\":\"Personvern - Kremo AS\",\"isPartOf\":{\"@id\":\"https:\/\/quizzical-hoover.79-161-218-21.plesk.page\/#website\"},\"datePublished\":\"2025-11-06T09:42:31+00:00\",\"dateModified\":\"2025-11-06T09:42:32+00:00\",\"breadcrumb\":{\"@id\":\"https:\/\/kremo.no\/personvernerklaering\/#breadcrumb\"},\"inLanguage\":\"en-GB\",\"potentialAction\":[{\"@type\":\"ReadAction\",\"target\":[\"https:\/\/kremo.no\/personvernerklaering\/\"]}]},{\"@type\":\"BreadcrumbList\",\"@id\":\"https:\/\/kremo.no\/personvernerklaering\/#breadcrumb\",\"itemListElement\":[{\"@type\":\"ListItem\",\"position\":1,\"name\":\"Hjem\",\"item\":\"https:\/\/kremo.no\/\"},{\"@type\":\"ListItem\",\"position\":2,\"name\":\"Personvern\"}]},{\"@type\":\"WebSite\",\"@id\":\"https:\/\/quizzical-hoover.79-161-218-21.plesk.page\/#website\",\"url\":\"https:\/\/quizzical-hoover.79-161-218-21.plesk.page\/\",\"name\":\"Kremo AS\",\"description\":\"Norges eldste dyrekrematorium\",\"publisher\":{\"@id\":\"https:\/\/quizzical-hoover.79-161-218-21.plesk.page\/#organization\"},\"potentialAction\":[{\"@type\":\"SearchAction\",\"target\":{\"@type\":\"EntryPoint\",\"urlTemplate\":\"https:\/\/quizzical-hoover.79-161-218-21.plesk.page\/?s={search_term_string}\"},\"query-input\":{\"@type\":\"PropertyValueSpecification\",\"valueRequired\":true,\"valueName\":\"search_term_string\"}}],\"inLanguage\":\"en-GB\"},{\"@type\":\"Organization\",\"@id\":\"https:\/\/quizzical-hoover.79-161-218-21.plesk.page\/#organization\",\"name\":\"Kremo AS\",\"alternateName\":\"Kremo AS\",\"url\":\"https:\/\/quizzical-hoover.79-161-218-21.plesk.page\/\",\"logo\":{\"@type\":\"ImageObject\",\"inLanguage\":\"en-GB\",\"@id\":\"https:\/\/quizzical-hoover.79-161-218-21.plesk.page\/#\/schema\/logo\/image\/\",\"url\":\"https:\/\/kremo.no\/wp-content\/uploads\/2023\/12\/Kremo-AS-logo.png\",\"contentUrl\":\"https:\/\/kremo.no\/wp-content\/uploads\/2023\/12\/Kremo-AS-logo.png\",\"width\":197,\"height\":86,\"caption\":\"Kremo AS\"},\"image\":{\"@id\":\"https:\/\/quizzical-hoover.79-161-218-21.plesk.page\/#\/schema\/logo\/image\/\"},\"sameAs\":[\"https:\/\/www.facebook.com\/Kremo-As-104857807767695\/\"]}]}<\/script>\n<!-- \/ Yoast SEO plugin. -->","yoast_head_json":{"title":"Personvern - Kremo AS","robots":{"index":"index","follow":"follow","max-snippet":"max-snippet:-1","max-image-preview":"max-image-preview:large","max-video-preview":"max-video-preview:-1"},"canonical":"https:\/\/kremo.no\/en\/personvernerklaering\/","og_locale":"en_GB","og_type":"article","og_title":"Personvern - Kremo AS","og_description":"Personvernerkl\u00e6ring Vi tar ditt personvern p\u00e5 alvor og har satt i verk n\u00f8dvendige tekniske og organisatoriske sikkerhetstiltak for \u00e5 beskytte dine personlige data. I denne personvernerkl\u00e6ringen vil vi informere deg om hvordan vi samler inn, bruker, oppbevarer og beskytter dine personlige data n\u00e5r du bes\u00f8ker v\u00e5r nettside. Du kan finne v\u00e5r organisasjonsnummer og kontaktinformasjon p\u00e5 [&hellip;]","og_url":"https:\/\/kremo.no\/en\/personvernerklaering\/","og_site_name":"Kremo AS","article_publisher":"https:\/\/www.facebook.com\/Kremo-As-104857807767695\/","article_modified_time":"2025-11-06T09:42:32+00:00","og_image":[{"width":197,"height":86,"url":"https:\/\/kremo.no\/wp-content\/uploads\/2020\/04\/Kremo-AS-logo.png","type":"image\/png"}],"twitter_card":"summary_large_image","twitter_misc":{"Estimated reading time":"2 minutes"},"schema":{"@context":"https:\/\/schema.org","@graph":[{"@type":"WebPage","@id":"https:\/\/kremo.no\/personvernerklaering\/","url":"https:\/\/kremo.no\/personvernerklaering\/","name":"Personvern - Kremo AS","isPartOf":{"@id":"https:\/\/quizzical-hoover.79-161-218-21.plesk.page\/#website"},"datePublished":"2025-11-06T09:42:31+00:00","dateModified":"2025-11-06T09:42:32+00:00","breadcrumb":{"@id":"https:\/\/kremo.no\/personvernerklaering\/#breadcrumb"},"inLanguage":"en-GB","potentialAction":[{"@type":"ReadAction","target":["https:\/\/kremo.no\/personvernerklaering\/"]}]},{"@type":"BreadcrumbList","@id":"https:\/\/kremo.no\/personvernerklaering\/#breadcrumb","itemListElement":[{"@type":"ListItem","position":1,"name":"Hjem","item":"https:\/\/kremo.no\/"},{"@type":"ListItem","position":2,"name":"Personvern"}]},{"@type":"WebSite","@id":"https:\/\/quizzical-hoover.79-161-218-21.plesk.page\/#website","url":"https:\/\/quizzical-hoover.79-161-218-21.plesk.page\/","name":"Kremo AS","description":"Norges eldste dyrekrematorium","publisher":{"@id":"https:\/\/quizzical-hoover.79-161-218-21.plesk.page\/#organization"},"potentialAction":[{"@type":"SearchAction","target":{"@type":"EntryPoint","urlTemplate":"https:\/\/quizzical-hoover.79-161-218-21.plesk.page\/?s={search_term_string}"},"query-input":{"@type":"PropertyValueSpecification","valueRequired":true,"valueName":"search_term_string"}}],"inLanguage":"en-GB"},{"@type":"Organization","@id":"https:\/\/quizzical-hoover.79-161-218-21.plesk.page\/#organization","name":"Kremo AS","alternateName":"Kremo AS","url":"https:\/\/quizzical-hoover.79-161-218-21.plesk.page\/","logo":{"@type":"ImageObject","inLanguage":"en-GB","@id":"https:\/\/quizzical-hoover.79-161-218-21.plesk.page\/#\/schema\/logo\/image\/","url":"https:\/\/kremo.no\/wp-content\/uploads\/2023\/12\/Kremo-AS-logo.png","contentUrl":"https:\/\/kremo.no\/wp-content\/uploads\/2023\/12\/Kremo-AS-logo.png","width":197,"height":86,"caption":"Kremo AS"},"image":{"@id":"https:\/\/quizzical-hoover.79-161-218-21.plesk.page\/#\/schema\/logo\/image\/"},"sameAs":["https:\/\/www.facebook.com\/Kremo-As-104857807767695\/"]}]}},"_links":{"self":[{"href":"https:\/\/kremo.no\/en\/wp-json\/wp\/v2\/pages\/2891","targetHints":{"allow":["GET"]}}],"collection":[{"href":"https:\/\/kremo.no\/en\/wp-json\/wp\/v2\/pages"}],"about":[{"href":"https:\/\/kremo.no\/en\/wp-json\/wp\/v2\/types\/page"}],"author":[{"embeddable":true,"href":"https:\/\/kremo.no\/en\/wp-json\/wp\/v2\/users\/1"}],"replies":[{"embeddable":true,"href":"https:\/\/kremo.no\/en\/wp-json\/wp\/v2\/comments?post=2891"}],"version-history":[{"count":2,"href":"https:\/\/kremo.no\/en\/wp-json\/wp\/v2\/pages\/2891\/revisions"}],"predecessor-version":[{"id":2893,"href":"https:\/\/kremo.no\/en\/wp-json\/wp\/v2\/pages\/2891\/revisions\/2893"}],"wp:attachment":[{"href":"https:\/\/kremo.no\/en\/wp-json\/wp\/v2\/media?parent=2891"}],"curies":[{"name":"wp","href":"https:\/\/api.w.org\/{rel}","templated":true}]}}